{"id":105,"date":"2024-09-03T10:31:07","date_gmt":"2024-09-03T15:31:07","guid":{"rendered":"https:\/\/lamojana.ia.fondoadaptacion.gov.co\/?page_id=105"},"modified":"2024-09-04T09:55:22","modified_gmt":"2024-09-04T14:55:22","slug":"contacto-2","status":"publish","type":"page","link":"https:\/\/lamojana.ia.fondoadaptacion.gov.co\/index.php\/contacto-2\/","title":{"rendered":"Contacto"},"content":{"rendered":"\n<div style=\"height:157px\" aria-hidden=\"true\" class=\"wp-block-spacer\"><\/div>\n\n\n\n<p class=\"has-text-color has-link-color has-large-font-size wp-elements-b954d63bf581f894b1663c69c7857fce\" style=\"color:#b18940;font-style:normal;font-weight:800\">\u00bfTienes preguntas o comentarios?<\/p>\n\n\n\n<div class=\"wp-block-media-text is-stacked-on-mobile\"><figure class=\"wp-block-media-text__media\"><img loading=\"lazy\" decoding=\"async\" width=\"1024\" height=\"683\" src=\"https:\/\/lamojana.ia.fondoadaptacion.gov.co\/wp-content\/uploads\/2024\/09\/2024-03-20-El-gobierno-con-el-pueblo-San-Marcos-Sucre-22-1024x683.jpg\" alt=\"\" class=\"wp-image-162 size-full\" srcset=\"https:\/\/lamojana.ia.fondoadaptacion.gov.co\/wp-content\/uploads\/2024\/09\/2024-03-20-El-gobierno-con-el-pueblo-San-Marcos-Sucre-22-1024x683.jpg 1024w, https:\/\/lamojana.ia.fondoadaptacion.gov.co\/wp-content\/uploads\/2024\/09\/2024-03-20-El-gobierno-con-el-pueblo-San-Marcos-Sucre-22-300x200.jpg 300w, https:\/\/lamojana.ia.fondoadaptacion.gov.co\/wp-content\/uploads\/2024\/09\/2024-03-20-El-gobierno-con-el-pueblo-San-Marcos-Sucre-22-2000x1333.jpg 2000w\" sizes=\"auto, (max-width: 1024px) 100vw, 1024px\" \/><\/figure><div class=\"wp-block-media-text__content\">\n<p class=\"has-text-color has-link-color has-large-font-size wp-elements-76f1431ad5cbb800c8dbfd03a2cd7ff8\" style=\"color:#034a73\"><strong>Cont\u00e1ctate con nosotros <\/strong><\/p>\n\n\n\n<p class=\"has-medium-font-size\">Estamos aqu\u00ed para escucharte. Si deseas obtener m\u00e1s informaci\u00f3n sobre el <strong>proyecto<\/strong> o quieres involucrarte en nuestras iniciativas, no dudes en ponerte en contacto por medio del correo electr\u00f3nico:<\/p>\n\n\n\n<p class=\"has-text-color\" style=\"color:#b18940\"><strong>plataforma@fondoadaptacion.gov.co<\/strong><\/p>\n\n\n\n<p><\/p>\n<\/div><\/div>\n\n\n\n<div style=\"height:142px\" aria-hidden=\"true\" class=\"wp-block-spacer\"><\/div>\n","protected":false},"excerpt":{"rendered":"<p>\u00bfTienes preguntas o comentarios? Cont\u00e1ctate con nosotros Estamos aqu\u00ed para escucharte. Si deseas obtener m\u00e1s informaci\u00f3n sobre el proyecto o quieres involucrarte en nuestras iniciativas, no dudes en ponerte en contacto por medio del correo electr\u00f3nico: plataforma@fondoadaptacion.gov.co<\/p>\n","protected":false},"author":2,"featured_media":60,"parent":0,"menu_order":0,"comment_status":"closed","ping_status":"closed","template":"","meta":{"footnotes":""},"class_list":["post-105","page","type-page","status-publish","has-post-thumbnail","hentry"],"_links":{"self":[{"href":"https:\/\/lamojana.ia.fondoadaptacion.gov.co\/index.php\/wp-json\/wp\/v2\/pages\/105","targetHints":{"allow":["GET"]}}],"collection":[{"href":"https:\/\/lamojana.ia.fondoadaptacion.gov.co\/index.php\/wp-json\/wp\/v2\/pages"}],"about":[{"href":"https:\/\/lamojana.ia.fondoadaptacion.gov.co\/index.php\/wp-json\/wp\/v2\/types\/page"}],"author":[{"embeddable":true,"href":"https:\/\/lamojana.ia.fondoadaptacion.gov.co\/index.php\/wp-json\/wp\/v2\/users\/2"}],"replies":[{"embeddable":true,"href":"https:\/\/lamojana.ia.fondoadaptacion.gov.co\/index.php\/wp-json\/wp\/v2\/comments?post=105"}],"version-history":[{"count":10,"href":"https:\/\/lamojana.ia.fondoadaptacion.gov.co\/index.php\/wp-json\/wp\/v2\/pages\/105\/revisions"}],"predecessor-version":[{"id":224,"href":"https:\/\/lamojana.ia.fondoadaptacion.gov.co\/index.php\/wp-json\/wp\/v2\/pages\/105\/revisions\/224"}],"wp:featuredmedia":[{"embeddable":true,"href":"https:\/\/lamojana.ia.fondoadaptacion.gov.co\/index.php\/wp-json\/wp\/v2\/media\/60"}],"wp:attachment":[{"href":"https:\/\/lamojana.ia.fondoadaptacion.gov.co\/index.php\/wp-json\/wp\/v2\/media?parent=105"}],"curies":[{"name":"wp","href":"https:\/\/api.w.org\/{rel}","templated":true}]}}